{"id":46239,"date":"2024-11-29T09:36:05","date_gmt":"2024-11-29T09:36:05","guid":{"rendered":"https:\/\/jerryair.net\/?page_id=46239"},"modified":"2025-11-03T16:23:45","modified_gmt":"2025-11-03T16:23:45","slug":"statystyki-pilotow","status":"publish","type":"page","link":"https:\/\/jerryair.net\/?page_id=46239","title":{"rendered":"Aktywno\u015b\u0107 Pilot\u00f3w TOP 5"},"content":{"rendered":"\t\t<div data-elementor-type=\"wp-page\" data-elementor-id=\"46239\" class=\"elementor elementor-46239\">\n\t\t\t\t<div class=\"elementor-element elementor-element-3f157f5 e-flex e-con-boxed e-con e-parent\" data-id=\"3f157f5\" data-element_type=\"container\">\n\t\t\t\t\t<div class=\"e-con-inner\">\n\t\t\t\t<div class=\"elementor-element elementor-element-b0dc5ea cea-view-default elementor-widget elementor-widget-ceafeaturebox\" data-id=\"b0dc5ea\" data-element_type=\"widget\" data-widget_type=\"ceafeaturebox.default\">\n\t\t\t\t<div class=\"elementor-widget-container feature-box-wrapper feature-box-default\">\n\t\t\t<div class=\"feature-box-inner\"><div class=\"cea-featured-icon\"><svg aria-hidden=\"true\" class=\"e-font-icon-svg e-fas-user-clock\" viewBox=\"0 0 640 512\" xmlns=\"http:\/\/www.w3.org\/2000\/svg\"><path d=\"M496 224c-79.6 0-144 64.4-144 144s64.4 144 144 144 144-64.4 144-144-64.4-144-144-144zm64 150.3c0 5.3-4.4 9.7-9.7 9.7h-60.6c-5.3 0-9.7-4.4-9.7-9.7v-76.6c0-5.3 4.4-9.7 9.7-9.7h12.6c5.3 0 9.7 4.4 9.7 9.7V352h38.3c5.3 0 9.7 4.4 9.7 9.7v12.6zM320 368c0-27.8 6.7-54.1 18.2-77.5-8-1.5-16.2-2.5-24.6-2.5h-16.7c-22.2 10.2-46.9 16-72.9 16s-50.6-5.8-72.9-16h-16.7C60.2 288 0 348.2 0 422.4V464c0 26.5 21.5 48 48 48h347.1c-45.3-31.9-75.1-84.5-75.1-144zm-96-112c70.7 0 128-57.3 128-128S294.7 0 224 0 96 57.3 96 128s57.3 128 128 128z\"><\/path><\/svg><\/div><h5 class=\"feature-box-title\">Lista 5 najaktywniejszych pilot\u00f3w w pa\u017adzierniku w\/g ilo\u015bci godzin.<\/h5><div class=\"fbox-content\"><div class='ays-chart-container-google ays-chart-container-77' id='ays-chart-container69f240c9708ac' data-id='69f240c9708ac'><div class='ays-chart-header-container'><div class='ays-chart-charts-title ays-chart-charts-title69f240c9708ac'>Top 5 Pilots by Flight Hours<\/div><div class='ays-chart-charts-description ays-chart-charts-description69f240c9708ac'><\/div><\/div><div class='ays-chart-charts-main-container ays-chart-charts-main-container69f240c9708ac' id=ays-chart-donut_chart69f240c9708ac data-type='donut_chart'><\/div><div class='ays-chart-actions-container'><div class='ays-chart-export-buttons' data-id='77'><\/div><\/div><\/div><\/div><\/div>\t\t<\/div>\n\t\t\t\t<\/div>\n\t\t\t\t\t<\/div>\n\t\t\t\t<\/div>\n\t\t<div class=\"elementor-element elementor-element-95f8b36 e-flex e-con-boxed e-con e-parent\" data-id=\"95f8b36\" data-element_type=\"container\">\n\t\t\t\t\t<div class=\"e-con-inner\">\n\t\t\t\t<div class=\"elementor-element elementor-element-fa492bd cea-view-default elementor-widget elementor-widget-ceafeaturebox\" data-id=\"fa492bd\" data-element_type=\"widget\" data-widget_type=\"ceafeaturebox.default\">\n\t\t\t\t<div class=\"elementor-widget-container feature-box-wrapper feature-box-default\">\n\t\t\t<div class=\"feature-box-inner\"><div class=\"cea-featured-icon\"><svg aria-hidden=\"true\" class=\"e-font-icon-svg e-fas-user-clock\" viewBox=\"0 0 640 512\" xmlns=\"http:\/\/www.w3.org\/2000\/svg\"><path d=\"M496 224c-79.6 0-144 64.4-144 144s64.4 144 144 144 144-64.4 144-144-64.4-144-144-144zm64 150.3c0 5.3-4.4 9.7-9.7 9.7h-60.6c-5.3 0-9.7-4.4-9.7-9.7v-76.6c0-5.3 4.4-9.7 9.7-9.7h12.6c5.3 0 9.7 4.4 9.7 9.7V352h38.3c5.3 0 9.7 4.4 9.7 9.7v12.6zM320 368c0-27.8 6.7-54.1 18.2-77.5-8-1.5-16.2-2.5-24.6-2.5h-16.7c-22.2 10.2-46.9 16-72.9 16s-50.6-5.8-72.9-16h-16.7C60.2 288 0 348.2 0 422.4V464c0 26.5 21.5 48 48 48h347.1c-45.3-31.9-75.1-84.5-75.1-144zm-96-112c70.7 0 128-57.3 128-128S294.7 0 224 0 96 57.3 96 128s57.3 128 128 128z\"><\/path><\/svg><\/div><h5 class=\"feature-box-title\">Lista 5 najaktywniejszych pilot\u00f3w w pa\u017adzierniku - w\/g ilo\u015bci operacji<\/h5><div class=\"fbox-content\"><div class='ays-chart-container-google ays-chart-container-78' id='ays-chart-container69f240c9724dc' data-id='69f240c9724dc'><div class='ays-chart-header-container'><div class='ays-chart-charts-title ays-chart-charts-title69f240c9724dc'>Top 5 Pa\u017adziernik - ilo\u015b\u0107 lot\u00f3w<\/div><div class='ays-chart-charts-description ays-chart-charts-description69f240c9724dc'><\/div><\/div><div class='ays-chart-charts-main-container ays-chart-charts-main-container69f240c9724dc' id=ays-chart-donut_chart69f240c9724dc data-type='donut_chart'><\/div><div class='ays-chart-actions-container'><div class='ays-chart-export-buttons' data-id='78'><\/div><\/div><\/div><\/div><\/div>\t\t<\/div>\n\t\t\t\t<\/div>\n\t\t\t\t\t<\/div>\n\t\t\t\t<\/div>\n\t\t<div class=\"elementor-element elementor-element-f3f4ec9 e-flex e-con-boxed e-con e-parent\" data-id=\"f3f4ec9\" data-element_type=\"container\">\n\t\t\t\t\t<div class=\"e-con-inner\">\n\t\t\t\t<div class=\"elementor-element elementor-element-d4aa554 cea-view-default elementor-widget elementor-widget-ceafeaturebox\" data-id=\"d4aa554\" data-element_type=\"widget\" data-widget_type=\"ceafeaturebox.default\">\n\t\t\t\t<div class=\"elementor-widget-container feature-box-wrapper feature-box-default\">\n\t\t\t<div class=\"feature-box-inner\"><div class=\"cea-featured-icon\"><svg aria-hidden=\"true\" class=\"e-font-icon-svg e-fas-user-clock\" viewBox=\"0 0 640 512\" xmlns=\"http:\/\/www.w3.org\/2000\/svg\"><path d=\"M496 224c-79.6 0-144 64.4-144 144s64.4 144 144 144 144-64.4 144-144-64.4-144-144-144zm64 150.3c0 5.3-4.4 9.7-9.7 9.7h-60.6c-5.3 0-9.7-4.4-9.7-9.7v-76.6c0-5.3 4.4-9.7 9.7-9.7h12.6c5.3 0 9.7 4.4 9.7 9.7V352h38.3c5.3 0 9.7 4.4 9.7 9.7v12.6zM320 368c0-27.8 6.7-54.1 18.2-77.5-8-1.5-16.2-2.5-24.6-2.5h-16.7c-22.2 10.2-46.9 16-72.9 16s-50.6-5.8-72.9-16h-16.7C60.2 288 0 348.2 0 422.4V464c0 26.5 21.5 48 48 48h347.1c-45.3-31.9-75.1-84.5-75.1-144zm-96-112c70.7 0 128-57.3 128-128S294.7 0 224 0 96 57.3 96 128s57.3 128 128 128z\"><\/path><\/svg><\/div><h5 class=\"feature-box-title\">Top 5 Aicraft Type<\/h5><div class=\"fbox-content\"><div class='ays-chart-container-google ays-chart-container-80' id='ays-chart-container69f240c973f4a' data-id='69f240c973f4a'><div class='ays-chart-header-container'><div class='ays-chart-charts-title ays-chart-charts-title69f240c973f4a'>Top 5 Aicraft Type<\/div><div class='ays-chart-charts-description ays-chart-charts-description69f240c973f4a'><\/div><\/div><div class='ays-chart-charts-main-container ays-chart-charts-main-container69f240c973f4a' id=ays-chart-donut_chart69f240c973f4a data-type='donut_chart'><\/div><div class='ays-chart-actions-container'><div class='ays-chart-export-buttons' data-id='80'><\/div><\/div><\/div><\/div><\/div>\t\t<\/div>\n\t\t\t\t<\/div>\n\t\t\t\t\t<\/div>\n\t\t\t\t<\/div>\n\t\t<div class=\"elementor-element elementor-element-10f4d30 e-flex e-con-boxed e-con e-parent\" data-id=\"10f4d30\" data-element_type=\"container\">\n\t\t\t\t\t<div class=\"e-con-inner\">\n\t\t\t\t<div class=\"elementor-element elementor-element-5bc0210 elementor-widget elementor-widget-shortcode\" data-id=\"5bc0210\" data-element_type=\"widget\" data-widget_type=\"shortcode.default\">\n\t\t\t\t<div class=\"elementor-widget-container\">\n\t\t\t\t\t\t\t<div class=\"elementor-shortcode\"><\/div>\n\t\t\t\t\t\t<\/div>\n\t\t\t\t<\/div>\n\t\t<div class=\"elementor-element elementor-element-a56e86c e-con-full e-flex e-con e-child\" data-id=\"a56e86c\" data-element_type=\"container\">\n\t\t<div class=\"elementor-element elementor-element-6ad26dd e-con-full e-flex e-con e-child\" data-id=\"6ad26dd\" data-element_type=\"container\">\n\t\t\t\t<div class=\"elementor-element elementor-element-fd15ed8 elementor-widget elementor-widget-heading\" data-id=\"fd15ed8\" data-element_type=\"widget\" data-widget_type=\"heading.default\">\n\t\t\t\t<div class=\"elementor-widget-container\">\n\t\t\t\t\t<h5 class=\"elementor-heading-title elementor-size-default\">Pe\u0142ne zbiorcze statystyki za pa\u017adziernik 2025 dla aktywnych pilot\u00f3w<\/h5>\t\t\t\t<\/div>\n\t\t\t\t<\/div>\n\t\t\t\t<div class=\"elementor-element elementor-element-bcaa625 e-n-tabs-mobile elementor-widget elementor-widget-n-tabs\" data-id=\"bcaa625\" data-element_type=\"widget\" data-settings=\"{&quot;horizontal_scroll&quot;:&quot;disable&quot;}\" data-widget_type=\"nested-tabs.default\">\n\t\t\t\t<div class=\"elementor-widget-container\">\n\t\t\t\t\t\t\t<div class=\"e-n-tabs\" data-widget-number=\"197830181\" aria-label=\"Tabs. Open items with Enter or Space, close with Escape and navigate using the Arrow keys.\">\n\t\t\t<div class=\"e-n-tabs-heading\" role=\"tablist\">\n\t\t\t\t\t<button id=\"e-n-tab-title-1978301811\" class=\"e-n-tab-title\" aria-selected=\"true\" data-tab-index=\"1\" role=\"tab\" tabindex=\"0\" aria-controls=\"e-n-tab-content-1978301811\" style=\"--n-tabs-title-order: 1;\">\n\t\t\t\t\t\t<span class=\"e-n-tab-title-text\">\n\t\t\t\tw\/g ilo\u015bci operacji\t\t\t<\/span>\n\t\t<\/button>\n\t\t\t\t<button id=\"e-n-tab-title-1978301812\" class=\"e-n-tab-title\" aria-selected=\"false\" data-tab-index=\"2\" role=\"tab\" tabindex=\"-1\" aria-controls=\"e-n-tab-content-1978301812\" style=\"--n-tabs-title-order: 2;\">\n\t\t\t\t\t\t<span class=\"e-n-tab-title-text\">\n\t\t\t\tw\/g ilo\u015bci godzin\t\t\t<\/span>\n\t\t<\/button>\n\t\t\t\t\t<\/div>\n\t\t\t<div class=\"e-n-tabs-content\">\n\t\t\t\t<div id=\"e-n-tab-content-1978301811\" role=\"tabpanel\" aria-labelledby=\"e-n-tab-title-1978301811\" data-tab-index=\"1\" style=\"--n-tabs-title-order: 1;\" class=\"e-active elementor-element elementor-element-9af367b e-con-full e-flex e-con e-child\" data-id=\"9af367b\" data-element_type=\"container\">\n\t\t<div class=\"elementor-element elementor-element-c758e1c e-flex e-con-boxed e-con e-child\" data-id=\"c758e1c\" data-element_type=\"container\">\n\t\t\t\t\t<div class=\"e-con-inner\">\n\t\t\t\t<div class=\"elementor-element elementor-element-c1662f3 elementor-widget elementor-widget-shortcode\" data-id=\"c1662f3\" data-element_type=\"widget\" data-widget_type=\"shortcode.default\">\n\t\t\t\t<div class=\"elementor-widget-container\">\n\t\t\t\t\t\t\t<div class=\"elementor-shortcode\"><div class='ays-chart-container-google ays-chart-container-73' id='ays-chart-container69f240c96cf08' data-id='69f240c96cf08'><div class='ays-chart-header-container'><div class='ays-chart-charts-title ays-chart-charts-title69f240c96cf08'>Zbiorcze statystyki linii za pa\u017adziernik 2025 wed\u0142ug ilo\u015bci operacji<\/div><div class='ays-chart-charts-description ays-chart-charts-description69f240c96cf08'><\/div><\/div><div class='ays-chart-charts-main-container ays-chart-charts-main-container69f240c96cf08' id=ays-chart-donut_chart69f240c96cf08 data-type='donut_chart'><\/div><div class='ays-chart-actions-container'><div class='ays-chart-export-buttons' data-id='73'><\/div><\/div><\/div><\/div>\n\t\t\t\t\t\t<\/div>\n\t\t\t\t<\/div>\n\t\t\t\t\t<\/div>\n\t\t\t\t<\/div>\n\t\t\t\t<\/div>\n\t\t<div id=\"e-n-tab-content-1978301812\" role=\"tabpanel\" aria-labelledby=\"e-n-tab-title-1978301812\" data-tab-index=\"2\" style=\"--n-tabs-title-order: 2;\" class=\" elementor-element elementor-element-5cd35c4 e-con-full e-flex e-con e-child\" data-id=\"5cd35c4\" data-element_type=\"container\">\n\t\t<div class=\"elementor-element elementor-element-6d6caa7 e-flex e-con-boxed e-con e-child\" data-id=\"6d6caa7\" data-element_type=\"container\">\n\t\t\t\t\t<div class=\"e-con-inner\">\n\t\t\t\t<div class=\"elementor-element elementor-element-995e795 elementor-widget elementor-widget-shortcode\" data-id=\"995e795\" data-element_type=\"widget\" data-widget_type=\"shortcode.default\">\n\t\t\t\t<div class=\"elementor-widget-container\">\n\t\t\t\t\t\t\t<div class=\"elementor-shortcode\"><div class='ays-chart-container-google ays-chart-container-79' id='ays-chart-container69f240c96ec0d' data-id='69f240c96ec0d'><div class='ays-chart-header-container'><div class='ays-chart-charts-title ays-chart-charts-title69f240c96ec0d'>Zbiorcze statystyki linii za pa\u017adziernik 2025 wed\u0142ug ilo\u015bci godzin<\/div><div class='ays-chart-charts-description ays-chart-charts-description69f240c96ec0d'><\/div><\/div><div class='ays-chart-charts-main-container ays-chart-charts-main-container69f240c96ec0d' id=ays-chart-donut_chart69f240c96ec0d data-type='donut_chart'><\/div><div class='ays-chart-actions-container'><div class='ays-chart-export-buttons' data-id='79'><\/div><\/div><\/div><\/div>\n\t\t\t\t\t\t<\/div>\n\t\t\t\t<\/div>\n\t\t\t\t\t<\/div>\n\t\t\t\t<\/div>\n\t\t\t\t<\/div>\n\t\t\t\t\t<\/div>\n\t\t<\/div>\n\t\t\t\t\t\t<\/div>\n\t\t\t\t<\/div>\n\t\t\t\t<\/div>\n\t\t\t\t<\/div>\n\t\t\t\t\t<\/div>\n\t\t\t\t<\/div>\n\t\t<div class=\"elementor-element elementor-element-2c1a44f e-flex e-con-boxed e-con e-parent\" data-id=\"2c1a44f\" data-element_type=\"container\">\n\t\t\t\t\t<div class=\"e-con-inner\">\n\t\t<div class=\"elementor-element elementor-element-f914f2d e-con-full e-flex e-con e-child\" data-id=\"f914f2d\" data-element_type=\"container\">\n\t\t<div class=\"elementor-element elementor-element-69e7583 e-grid e-con-full e-con e-child\" data-id=\"69e7583\" data-element_type=\"container\">\n\t\t\t\t<\/div>\n\t\t\t\t<\/div>\n\t\t\t\t\t<\/div>\n\t\t\t\t<\/div>\n\t\t\t\t<\/div>\n\t\t","protected":false},"excerpt":{"rendered":"<p>Lista 5 najaktywniejszych pilot\u00f3w w pa\u017adzierniku w\/g ilo\u015bci godzin. Lista 5 najaktywniejszych pilot\u00f3w w pa\u017adzierniku &#8211; w\/g ilo\u015bci operacji Top 5 Aicraft Type Pe\u0142ne zbiorcze statystyki za..<\/p>\n","protected":false},"author":1,"featured_media":0,"parent":0,"menu_order":0,"comment_status":"closed","ping_status":"closed","template":"","meta":{"footnotes":""},"class_list":["post-46239","page","type-page","status-publish","hentry"],"_links":{"self":[{"href":"https:\/\/jerryair.net\/index.php?rest_route=\/wp\/v2\/pages\/46239","targetHints":{"allow":["GET"]}}],"collection":[{"href":"https:\/\/jerryair.net\/index.php?rest_route=\/wp\/v2\/pages"}],"about":[{"href":"https:\/\/jerryair.net\/index.php?rest_route=\/wp\/v2\/types\/page"}],"author":[{"embeddable":true,"href":"https:\/\/jerryair.net\/index.php?rest_route=\/wp\/v2\/users\/1"}],"replies":[{"embeddable":true,"href":"https:\/\/jerryair.net\/index.php?rest_route=%2Fwp%2Fv2%2Fcomments&post=46239"}],"version-history":[{"count":136,"href":"https:\/\/jerryair.net\/index.php?rest_route=\/wp\/v2\/pages\/46239\/revisions"}],"predecessor-version":[{"id":48250,"href":"https:\/\/jerryair.net\/index.php?rest_route=\/wp\/v2\/pages\/46239\/revisions\/48250"}],"wp:attachment":[{"href":"https:\/\/jerryair.net\/index.php?rest_route=%2Fwp%2Fv2%2Fmedia&parent=46239"}],"curies":[{"name":"wp","href":"https:\/\/api.w.org\/{rel}","templated":true}]}}