{"id":44048,"date":"2024-07-22T06:49:00","date_gmt":"2024-07-22T06:49:00","guid":{"rendered":"https:\/\/wordpress.zozothemes.com\/tranzkart\/?page_id=44048"},"modified":"2026-02-04T17:04:46","modified_gmt":"2026-02-04T17:04:46","slug":"our-history","status":"publish","type":"page","link":"https:\/\/jerryair.net\/?page_id=44048","title":{"rendered":"Nasza Historia"},"content":{"rendered":"\t\t<div data-elementor-type=\"wp-page\" data-elementor-id=\"44048\" class=\"elementor elementor-44048\">\n\t\t\t\t\t\t<section class=\"elementor-section elementor-top-section elementor-element elementor-element-3ce4d5bf elementor-section-stretched elementor-section-content-middle elementor-section-boxed elementor-section-height-default elementor-section-height-default\" data-id=\"3ce4d5bf\" data-element_type=\"section\" data-settings=\"{&quot;stretch_section&quot;:&quot;section-stretched&quot;,&quot;background_background&quot;:&quot;classic&quot;}\">\n\t\t\t\t\t\t\t<div class=\"elementor-background-overlay\"><\/div>\n\t\t\t\t\t\t\t<div class=\"elementor-container elementor-column-gap-default\">\n\t\t\t\t\t<div class=\"elementor-column elementor-col-100 elementor-top-column elementor-element elementor-element-2c0ff5f1\" data-id=\"2c0ff5f1\" data-element_type=\"column\" data-settings=\"{&quot;background_background&quot;:&quot;classic&quot;}\">\n\t\t\t<div class=\"elementor-widget-wrap elementor-element-populated\">\n\t\t\t\t\t<div class=\"elementor-background-overlay\"><\/div>\n\t\t\t\t\t\t<section class=\"elementor-section elementor-inner-section elementor-element elementor-element-4dcdf8eb elementor-section-boxed elementor-section-height-default elementor-section-height-default\" data-id=\"4dcdf8eb\" data-element_type=\"section\">\n\t\t\t\t\t\t<div class=\"elementor-container elementor-column-gap-default\">\n\t\t\t\t\t<div class=\"elementor-column elementor-col-33 elementor-inner-column elementor-element elementor-element-56d38dc9\" data-id=\"56d38dc9\" data-element_type=\"column\">\n\t\t\t<div class=\"elementor-widget-wrap\">\n\t\t\t\t\t\t\t<\/div>\n\t\t<\/div>\n\t\t\t\t<div class=\"elementor-column elementor-col-33 elementor-inner-column elementor-element elementor-element-47481cea\" data-id=\"47481cea\" data-element_type=\"column\">\n\t\t\t<div class=\"elementor-widget-wrap elementor-element-populated\">\n\t\t\t\t\t\t<div class=\"elementor-element elementor-element-63d9127c cea-align-center cea-separator-type-normal elementor-invisible elementor-widget elementor-widget-ceasectiontitle\" data-id=\"63d9127c\" data-element_type=\"widget\" data-settings=\"{&quot;_animation&quot;:&quot;fadeInUp&quot;}\" data-widget_type=\"ceasectiontitle.default\">\n\t\t\t\t<div class=\"elementor-widget-container\">\n\t\t\t\t\t<div class=\"section-title-wrapper\"><div class=\"title-wrap\"><div class=\"sub-title\"><span class=\"subtitle-dots\">- HISTORY OF jerryair by captain speaking - <\/span><\/div><h2 class=\"section-title\">Historia Linii JerryAir<\/h2><div class=\"elementor-divider\"><span class=\"elementor-divider-separator\"><\/span><\/div><\/div><!-- .title-wrap --><div class=\"section-description\"><\/div><!-- .section-description --><\/div><!-- .section-title-wrapper -->\t\t\t\t<\/div>\n\t\t\t\t<\/div>\n\t\t\t\t\t<\/div>\n\t\t<\/div>\n\t\t\t\t<div class=\"elementor-column elementor-col-33 elementor-inner-column elementor-element elementor-element-456c32ce\" data-id=\"456c32ce\" data-element_type=\"column\">\n\t\t\t<div class=\"elementor-widget-wrap\">\n\t\t\t\t\t\t\t<\/div>\n\t\t<\/div>\n\t\t\t\t\t<\/div>\n\t\t<\/section>\n\t\t\t\t<section class=\"elementor-section elementor-inner-section elementor-element elementor-element-336f24e6 elementor-section-boxed elementor-section-height-default elementor-section-height-default\" data-id=\"336f24e6\" data-element_type=\"section\">\n\t\t\t\t\t\t<div class=\"elementor-container elementor-column-gap-default\">\n\t\t\t\t\t<div class=\"elementor-column elementor-col-100 elementor-inner-column elementor-element elementor-element-6c40c8c\" data-id=\"6c40c8c\" data-element_type=\"column\">\n\t\t\t<div class=\"elementor-widget-wrap elementor-element-populated\">\n\t\t\t\t\t\t<div class=\"elementor-element elementor-element-77471fb6 elementor-invisible elementor-widget elementor-widget-ceatimeline\" data-id=\"77471fb6\" data-element_type=\"widget\" data-settings=\"{&quot;_animation&quot;:&quot;zoomIn&quot;}\" data-widget_type=\"ceatimeline.default\">\n\t\t\t\t<div class=\"elementor-widget-container\">\n\t\t\t\t\t<div class=\"timeline-wrapper timeline-style-1\"><ul class=\"timeline\"><li class=\" elementor-repeater-item-58f2e01\"><div class=\"timeline-badge rounded-circle\"><i aria-hidden=\"true\" class=\" bi-lightbulb-fill\"><\/i><\/div><div class=\"timeline-sep-title\">2023<span>Lato 2023<\/span><\/div><div class=\"timeline-panel\"><div class=\"timeline-heading\"><h4 class=\"timeline-title\">Narodziny  koncepcji wirtualnej linii<\/h4><\/div><div class=\"timeline-body\">Narodziny koncepcji wirtualnej linii lotniczej Jerryair mia\u0142y miejsce w odpowiedzi na rosn\u0105ce zainteresowanie wirtualnym Type Ratingiem oraz potrzeb\u0119 stworzenia spo\u0142eczno\u015bci skupionej na pasji do latania. Zainicjowana przez grup\u0119 entuzjast\u00f3w pod przewodnictwem Jerzego \"Captain Speaking\", Jerryair ma na celu symulacj\u0119 prawdziwych operacji lotniczych, z zachowaniem procedur i standard\u00f3w panuj\u0105cych w realnym przemy\u015ble lotniczym.<\/div><\/div><\/li><!-- .timeline item li --><li class=\" timeline-inverted elementor-repeater-item-aff146e\"><div class=\"timeline-badge rounded-circle\"><i aria-hidden=\"true\" class=\" bi-binoculars-fill\"><\/i><\/div><div class=\"timeline-sep-title\">2023<span>Lato 2023<\/span><\/div><div class=\"timeline-panel\"><div class=\"timeline-heading\"><h4 class=\"timeline-title\">Projekt i Planowanie<\/h4><\/div><div class=\"timeline-body\">W etapie projektowania i planowania wirtualnej linii lotniczej Jerryair stawiamy na innowacyjno\u015b\u0107 oraz dba\u0142o\u015b\u0107 o szczeg\u00f3\u0142y, co pozwoli nam zbudowa\u0107 solidne fundamenty dla przysz\u0142ej operacyjnej struktury linii. Naszym celem jest stworzenie zarysu, kt\u00f3ry nie tylko odzwierciedli rzeczywiste procedury lotnicze, ale tak\u017ce wprowadzi unikalne elementy, kt\u00f3re wyr\u00f3\u017cni\u0105 nas na tle innych wirtualnych linii.<\/div><\/div><\/li><!-- .timeline item li --><li class=\" elementor-repeater-item-91f3e36\"><div class=\"timeline-badge rounded-circle\"><i aria-hidden=\"true\" class=\" bi-file-earmark-check-fill\"><\/i><\/div><div class=\"timeline-sep-title\">2023<span>Jesie\u0144 2023<\/span><\/div><div class=\"timeline-panel\"><div class=\"timeline-heading\"><h4 class=\"timeline-title\">Umowa wchodzi w \u017cycie<\/h4><\/div><div class=\"timeline-body\">Podpisanie umowy z Kapitanem Jerzym oznacza, \u017ce przechodzimy do konkretnej realizacji naszych plan\u00f3w. Rozpoczynamy proces tworzenia struktury operacyjnej, kt\u00f3ra obejmie wszystkie aspekty dzia\u0142alno\u015bci linii, od zarz\u0105dzania flot\u0105 po rozw\u00f3j program\u00f3w szkoleniowych dla pilot\u00f3w. Wsp\u00f3\u0142praca ta pozwoli nam r\u00f3wnie\u017c na wprowadzenie standard\u00f3w jako\u015bci, kt\u00f3re odzwierciedl\u0105 rzeczywiste procedury obowi\u0105zuj\u0105ce w komercyjnych liniach lotniczych.<\/div><\/div><\/li><!-- .timeline item li --><li class=\" timeline-inverted elementor-repeater-item-7f1e1f6\"><div class=\"timeline-badge rounded-circle\"><i aria-hidden=\"true\" class=\" bi-fire\"><\/i><\/div><div class=\"timeline-sep-title\">2024<span>Zima 2024<\/span><\/div><div class=\"timeline-panel\"><div class=\"timeline-heading\"><h4 class=\"timeline-title\">Pierwszy du\u017cy event<\/h4><\/div><div class=\"timeline-body\">Po miesi\u0105cach intensywnych przygotowa\u0144, nasza wirtualna linia lotnicza Jerryair z dum\u0105 zorganizowa\u0142a pierwszy du\u017cy event, kt\u00f3ry odby\u0142 si\u0119 \n 27 stycznia w ramach WO\u015aP.<\/div><\/div><\/li><!-- .timeline item li --><li class=\" elementor-repeater-item-041d729\"><div class=\"timeline-badge rounded-circle\"><i aria-hidden=\"true\" class=\" bi-people-fill\"><\/i><\/div><div class=\"timeline-sep-title\">2024<span>Jesie\u0144 2024<\/span><\/div><div class=\"timeline-panel\"><div class=\"timeline-heading\"><h4 class=\"timeline-title\">Nowa kadra<\/h4><\/div><div class=\"timeline-body\">Na przestrzeni ostatnich tygodni otrzymujemy kolejne zg\u0142oszenia od pilot\u00f3w zainteresowanych uczestnictwem w projekcie JerryAir.<\/div><\/div><\/li><!-- .timeline item li --><li class=\" timeline-inverted elementor-repeater-item-ace08ea\"><div class=\"timeline-badge rounded-circle\"><i aria-hidden=\"true\" class=\" bi-motherboard\"><\/i><\/div><div class=\"timeline-sep-title\">2024<span>Jesie\u0144 2024<\/span><\/div><div class=\"timeline-panel\"><div class=\"timeline-heading\"><h4 class=\"timeline-title\">Nowe Technologie<\/h4><\/div><div class=\"timeline-body\">Rozpoczynamy budow\u0119 strony internetowej i panelu Pilota.<\/div><\/div><\/li><!-- .timeline item li --><li class=\" elementor-repeater-item-6f259cc\"><div class=\"timeline-badge rounded-circle\"><i aria-hidden=\"true\" class=\" bi-cursor-fill\"><\/i><\/div><div class=\"timeline-sep-title\">2024<span>29.12.2024<\/span><\/div><div class=\"timeline-panel\"><div class=\"timeline-heading\"><h4 class=\"timeline-title\">Official VATSIM Partner Airline!<\/h4><\/div><div class=\"timeline-body\">JerryAir uzyska\u0142o status Official VATSIM Partner Airline! Dzi\u0119kujemy, \u017ce jeste\u015bcie z nami i wsp\u00f3\u0142tworzycie histori\u0119 JerryAir! <\/div><\/div><\/li><!-- .timeline item li --><li class=\" timeline-inverted elementor-repeater-item-3b52752\"><div class=\"timeline-badge rounded-circle\"><i aria-hidden=\"true\" class=\" bi-heart-pulse-fill\"><\/i><\/div><div class=\"timeline-sep-title\">2025<span>26.01.2025<\/span><\/div><div class=\"timeline-panel\"><div class=\"timeline-heading\"><h4 class=\"timeline-title\">WO\u015aP 2025<\/h4><\/div><div class=\"timeline-body\">Tegoroczne wydarzenie trwa\u0142o w zasadzie od rana do wieczora. W tym czasie ze studia w siedzibie wroc\u0142awskiej firmy <b>Loty Marze\u0144<\/b> B737 Simulator transmitowali\u015bmy na \u017cywo wywiady z zawodowymi pilotami na r\u00f3\u017cnym etapie kariery oraz kontrolerem ruchu lotniczego. W evencie odnotowano 105 operacji lotniczych. Ten rok by\u0142 rekordowy r\u00f3wnie\u017c pod wzgl\u0119dem zbi\u00f3rki funduszy: <br> <br>\n<b>eSkarbonka:<\/b> 14 674,00 z\u0142 <br>\n<b>Puszka LM:<\/b> 469,11 z\u0142<br>\n<b>Aukcja LM<\/b>: 4250,00 z\u0142 <br>\n<b>Aukcja kubka:<\/b> 575,00 z\u0142 <br>\n<b>Tipply:<\/b> 6703,00 z\u0142 <br> <br>\n\n<b>W sumie zebrano 26 671,11 z\u0142<\/b><\/div><\/div><\/li><!-- .timeline item li --><li class=\" elementor-repeater-item-e6142fe\"><div class=\"timeline-badge rounded-circle\"><i aria-hidden=\"true\" class=\"ti ti-package\"><\/i><\/div><div class=\"timeline-sep-title\">2025<span>12.04.2025<\/span><\/div><div class=\"timeline-panel\"><div class=\"timeline-heading\"><h4 class=\"timeline-title\">Jerry World CARGO<\/h4><\/div><div class=\"timeline-body\">JerryAir wkracza w now\u0105 er\u0119 operacji cargo, rozszerzaj\u0105c swoj\u0105 flot\u0119 o frachtowe Boeingi 737-800BDSF oraz 777-300ERSF.  <br>\nNowa ga\u0142\u0105\u017a dzia\u0142alno\u015bci pozwala nam realizowa\u0107 globalne operacje przewozu towar\u00f3w.  \n737-800BDSF idealnie sprawdza si\u0119 na kr\u00f3tkich i \u015brednich trasach.  \n777-300ERSF umo\u017cliwia dalekodystansowe przewozy o du\u017cej \u0142adowno\u015bci.  <br><br><i><b>\nJerry Global Cargo \u2013 szybciej, dalej, bezpieczniej.\n<\/i><\/b><\/p><\/div><\/div><\/li><!-- .timeline item li --><li class=\" timeline-inverted elementor-repeater-item-06f8ca2\"><div class=\"timeline-badge rounded-circle\"><i aria-hidden=\"true\" class=\" bi-incognito\"><\/i><\/div><div class=\"timeline-sep-title\">2025<span>01.032025<\/span><\/div><div class=\"timeline-panel\"><div class=\"timeline-heading\"><h4 class=\"timeline-title\">Nowy CEO<\/h4><\/div><div class=\"timeline-body\"><section id=\"historia\">\n  <h5>Nowy rozdzia\u0142 w historii JerryAir \u2013 Konrad Glazer obejmuje stanowisko CEO<\/h5>\n  <p><h8>\n    Z dum\u0105 og\u0142aszamy, \u017ce nowym CEO JerryAir zosta\u0142 Konrad Glazer \u2013 do\u015bwiadczony cz\u0142onek JerryAir, \n    kt\u00f3ry wnosi do naszej organizacji <span style=\"font-weight: bold;\">du\u017ce zaanga\u017cowanie, \u015bwie\u017ce spojrzenie na dzia\u0142alno\u015b\u0107 operacyjn\u0105<\/span> \n    oraz pasj\u0119 do rozwoju wirtualnego lotnictwa.\n  <\/p>\n  <p>\n    Jego nominacja to nie tylko symboliczny krok w nowym kierunku, ale przede wszystkim realna szansa na dalsz\u0105 \n    profesjonalizacj\u0119 dzia\u0142a\u0144 i jeszcze wi\u0119ksze zbli\u017cenie do standard\u00f3w prawdziwych linii lotniczych. \n    Konrad od pocz\u0105tku swojej obecno\u015bci w JerryAir da\u0142 si\u0119 pozna\u0107 jako osoba z wizj\u0105, otwarta na innowacje i nastawiona na wsp\u00f3\u0142prac\u0119.\n  <\/p>\n  <p>\n    Pod jego kierownictwem JerryAir wkracza w kolejny etap rozwoju \u2013 z jeszcze wi\u0119kszym naciskiem na \n    <span style=\"font-weight: bold;\">realizm operacyjny, jako\u015b\u0107 szkole\u0144 oraz budowanie zgranego zespo\u0142u pilot\u00f3w<\/span>.\n  <\/p>\n  <p>\n    Witamy Konrada na pok\u0142adzie w nowej roli i z niecierpliwo\u015bci\u0105 czekamy na efekty jego dzia\u0142a\u0144!\n  <\/p>\n<\/section><\/div><\/div><\/li><!-- .timeline item li --><\/ul><\/div><!-- .timeline-wrapper -->\t\t\t\t<\/div>\n\t\t\t\t<\/div>\n\t\t\t\t\t<\/div>\n\t\t<\/div>\n\t\t\t\t\t<\/div>\n\t\t<\/section>\n\t\t\t\t\t<\/div>\n\t\t<\/div>\n\t\t\t\t\t<\/div>\n\t\t<\/section>\n\t\t\t\t<section class=\"elementor-section elementor-top-section elementor-element elementor-element-3bc78581 elementor-section-stretched elementor-section-boxed elementor-section-height-default elementor-section-height-default\" data-id=\"3bc78581\" data-element_type=\"section\" data-settings=\"{&quot;stretch_section&quot;:&quot;section-stretched&quot;,&quot;background_background&quot;:&quot;classic&quot;}\">\n\t\t\t\t\t\t\t<div class=\"elementor-background-overlay\"><\/div>\n\t\t\t\t\t\t\t<div class=\"elementor-container elementor-column-gap-default\">\n\t\t\t\t\t<div class=\"elementor-column elementor-col-100 elementor-top-column elementor-element elementor-element-29b1d8b1\" data-id=\"29b1d8b1\" data-element_type=\"column\" data-settings=\"{&quot;background_background&quot;:&quot;classic&quot;}\">\n\t\t\t<div class=\"elementor-widget-wrap elementor-element-populated\">\n\t\t\t\t\t<div class=\"elementor-background-overlay\"><\/div>\n\t\t\t\t\t\t<section class=\"elementor-section elementor-inner-section elementor-element elementor-element-60da762a elementor-section-content-bottom elementor-section-boxed elementor-section-height-default elementor-section-height-default\" data-id=\"60da762a\" data-element_type=\"section\">\n\t\t\t\t\t\t<div class=\"elementor-container elementor-column-gap-wide\">\n\t\t\t\t\t<div class=\"elementor-column elementor-col-50 elementor-inner-column elementor-element elementor-element-1188e0d9 blur-shaded\" data-id=\"1188e0d9\" data-element_type=\"column\">\n\t\t\t<div class=\"elementor-widget-wrap elementor-element-populated\">\n\t\t\t\t\t\t<div class=\"elementor-element elementor-element-2fe92592 cea-align-left elementor-widget elementor-widget-ceasectiontitle\" data-id=\"2fe92592\" data-element_type=\"widget\" data-widget_type=\"ceasectiontitle.default\">\n\t\t\t\t<div class=\"elementor-widget-container\">\n\t\t\t\t\t<div class=\"section-title-wrapper\"><div class=\"title-wrap\"><span class=\"sub-title\"><span class=\"subtitle-dots\">Do\u0142\u0105cz do jerryair<\/span><\/span><h2 class=\"section-title\">Wy\u015blij swoje zg\u0142oszenie<\/h2><\/div><!-- .title-wrap --><div class=\"section-description\">\t\t\t\t\t<div class=\"cea-button-wrapper\">\r\n\t\t\t\t\t\t<a href=\"#\" class=\"cea-button-link elementor-button cea-button elementor-size-sm\">\r\n\t\t\t\t\t\t\t\t\t<span class=\"cea-button-content-wrapper\">\r\n\t\t\t\t\t\t<span class=\"cea-button-icon cea-align-icon-left\">\r\n\t\t\t\t<i aria-hidden=\"true\" class=\" bi-cloud-upload\"><\/i>\t\t\t<\/span>\r\n\t\t\t\t\t\t<span class=\"cea-button-text\">Wy\u015blij zg\u0142oszenie<\/span>\r\n\t\t<\/span>\r\n\t\t\t\t\t\t\t\t<\/a>\r\n\t\t\t\t\t<\/div>\r\n\t\t\t\t\t<\/div><!-- .section-description --><\/div><!-- .section-title-wrapper -->\t\t\t\t<\/div>\n\t\t\t\t<\/div>\n\t\t\t\t\t<\/div>\n\t\t<\/div>\n\t\t\t\t<div class=\"elementor-column elementor-col-50 elementor-inner-column elementor-element elementor-element-eaf1021\" data-id=\"eaf1021\" data-element_type=\"column\">\n\t\t\t<div class=\"elementor-widget-wrap elementor-element-populated\">\n\t\t\t\t\t\t<div class=\"elementor-element elementor-element-1f68d871 elementor-widget elementor-widget-image\" data-id=\"1f68d871\" data-element_type=\"widget\" data-widget_type=\"image.default\">\n\t\t\t\t<div class=\"elementor-widget-container\">\n\t\t\t\t\t\t\t\t\t\t\t\t\t\t\t<img fetchpriority=\"high\" decoding=\"async\" width=\"463\" height=\"640\" src=\"https:\/\/jerryair.net\/wp-content\/uploads\/2025\/10\/Untitled-design-6.png\" class=\"attachment-full size-full wp-image-48160\" alt=\"\" \/>\t\t\t\t\t\t\t\t\t\t\t\t\t\t\t<\/div>\n\t\t\t\t<\/div>\n\t\t\t\t\t<\/div>\n\t\t<\/div>\n\t\t\t\t\t<\/div>\n\t\t<\/section>\n\t\t\t\t\t<\/div>\n\t\t<\/div>\n\t\t\t\t\t<\/div>\n\t\t<\/section>\n\t\t\t\t<\/div>\n\t\t","protected":false},"excerpt":{"rendered":"<p>&#8211; HISTORY OF jerryair by captain speaking &#8211; Historia Linii JerryAir 2023Lato 2023 Narodziny koncepcji wirtualnej linii Narodziny koncepcji wirtualnej linii lotniczej Jerryair mia\u0142y miejsce w odpowiedzi..<\/p>\n","protected":false},"author":1,"featured_media":0,"parent":0,"menu_order":0,"comment_status":"closed","ping_status":"closed","template":"","meta":{"footnotes":""},"class_list":["post-44048","page","type-page","status-publish","hentry"],"_links":{"self":[{"href":"https:\/\/jerryair.net\/index.php?rest_route=\/wp\/v2\/pages\/44048","targetHints":{"allow":["GET"]}}],"collection":[{"href":"https:\/\/jerryair.net\/index.php?rest_route=\/wp\/v2\/pages"}],"about":[{"href":"https:\/\/jerryair.net\/index.php?rest_route=\/wp\/v2\/types\/page"}],"author":[{"embeddable":true,"href":"https:\/\/jerryair.net\/index.php?rest_route=\/wp\/v2\/users\/1"}],"replies":[{"embeddable":true,"href":"https:\/\/jerryair.net\/index.php?rest_route=%2Fwp%2Fv2%2Fcomments&post=44048"}],"version-history":[{"count":70,"href":"https:\/\/jerryair.net\/index.php?rest_route=\/wp\/v2\/pages\/44048\/revisions"}],"predecessor-version":[{"id":48335,"href":"https:\/\/jerryair.net\/index.php?rest_route=\/wp\/v2\/pages\/44048\/revisions\/48335"}],"wp:attachment":[{"href":"https:\/\/jerryair.net\/index.php?rest_route=%2Fwp%2Fv2%2Fmedia&parent=44048"}],"curies":[{"name":"wp","href":"https:\/\/api.w.org\/{rel}","templated":true}]}}