{"id":44047,"date":"2024-07-22T06:49:00","date_gmt":"2024-07-22T06:49:00","guid":{"rendered":"https:\/\/wordpress.zozothemes.com\/tranzkart\/?page_id=44047"},"modified":"2024-12-29T21:36:24","modified_gmt":"2024-12-29T21:36:24","slug":"frequently-asked-question","status":"publish","type":"page","link":"https:\/\/jerryair.net\/?page_id=44047","title":{"rendered":"Aplikacja krok po kroku"},"content":{"rendered":"\t\t<div data-elementor-type=\"wp-page\" data-elementor-id=\"44047\" class=\"elementor elementor-44047\">\n\t\t\t\t\t\t<section class=\"elementor-section elementor-top-section elementor-element elementor-element-2568130a elementor-section-stretched elementor-section-boxed elementor-section-height-default elementor-section-height-default\" data-id=\"2568130a\" data-element_type=\"section\" data-settings=\"{&quot;stretch_section&quot;:&quot;section-stretched&quot;,&quot;background_background&quot;:&quot;classic&quot;}\">\n\t\t\t\t\t\t\t<div class=\"elementor-background-overlay\"><\/div>\n\t\t\t\t\t\t\t<div class=\"elementor-container elementor-column-gap-extended\">\n\t\t\t\t\t<div class=\"elementor-column elementor-col-100 elementor-top-column elementor-element elementor-element-6e0738dc\" data-id=\"6e0738dc\" data-element_type=\"column\" data-settings=\"{&quot;background_background&quot;:&quot;classic&quot;}\">\n\t\t\t<div class=\"elementor-widget-wrap elementor-element-populated\">\n\t\t\t\t\t<div class=\"elementor-background-overlay\"><\/div>\n\t\t\t\t\t\t<section class=\"elementor-section elementor-inner-section elementor-element elementor-element-2855aa9e elementor-section-boxed elementor-section-height-default elementor-section-height-default\" data-id=\"2855aa9e\" data-element_type=\"section\">\n\t\t\t\t\t\t<div class=\"elementor-container elementor-column-gap-default\">\n\t\t\t\t\t<div class=\"elementor-column elementor-col-33 elementor-inner-column elementor-element elementor-element-4378ef44\" data-id=\"4378ef44\" data-element_type=\"column\">\n\t\t\t<div class=\"elementor-widget-wrap\">\n\t\t\t\t\t\t\t<\/div>\n\t\t<\/div>\n\t\t\t\t<div class=\"elementor-column elementor-col-33 elementor-inner-column elementor-element elementor-element-69d1e108\" data-id=\"69d1e108\" data-element_type=\"column\">\n\t\t\t<div class=\"elementor-widget-wrap elementor-element-populated\">\n\t\t\t\t\t\t<div class=\"elementor-element elementor-element-e88a899 cea-align-center cea-separator-type-normal elementor-invisible elementor-widget elementor-widget-ceasectiontitle\" data-id=\"e88a899\" data-element_type=\"widget\" data-settings=\"{&quot;_animation&quot;:&quot;fadeInUp&quot;}\" data-widget_type=\"ceasectiontitle.default\">\n\t\t\t\t<div class=\"elementor-widget-container\">\n\t\t\t\t\t<div class=\"section-title-wrapper\"><div class=\"title-wrap\"><div class=\"sub-title\"><span class=\"subtitle-dots\">- jak do nas do\u0142\u0105czy\u0107 <\/span><\/div><h2 class=\"section-title\">Odpowiedzi na cz\u0119sto zadawane pytania.<\/h2><div class=\"elementor-divider\"><span class=\"elementor-divider-separator\"><\/span><\/div><\/div><!-- .title-wrap --><div class=\"section-description\"><\/div><!-- .section-description --><\/div><!-- .section-title-wrapper -->\t\t\t\t<\/div>\n\t\t\t\t<\/div>\n\t\t\t\t\t<\/div>\n\t\t<\/div>\n\t\t\t\t<div class=\"elementor-column elementor-col-33 elementor-inner-column elementor-element elementor-element-2cd28963\" data-id=\"2cd28963\" data-element_type=\"column\">\n\t\t\t<div class=\"elementor-widget-wrap\">\n\t\t\t\t\t\t\t<\/div>\n\t\t<\/div>\n\t\t\t\t\t<\/div>\n\t\t<\/section>\n\t\t\t\t<section class=\"elementor-section elementor-inner-section elementor-element elementor-element-400d8d15 elementor-section-boxed elementor-section-height-default elementor-section-height-default\" data-id=\"400d8d15\" data-element_type=\"section\">\n\t\t\t\t\t\t<div class=\"elementor-container elementor-column-gap-default\">\n\t\t\t\t\t<div class=\"elementor-column elementor-col-33 elementor-inner-column elementor-element elementor-element-360a0e89\" data-id=\"360a0e89\" data-element_type=\"column\">\n\t\t\t<div class=\"elementor-widget-wrap\">\n\t\t\t\t\t\t\t<\/div>\n\t\t<\/div>\n\t\t\t\t<div class=\"elementor-column elementor-col-33 elementor-inner-column elementor-element elementor-element-1eb98499\" data-id=\"1eb98499\" data-element_type=\"column\">\n\t\t\t<div class=\"elementor-widget-wrap elementor-element-populated\">\n\t\t\t\t\t\t<div class=\"elementor-element elementor-element-7254643e cea-btn-tablet-align-center cea-btn-align-center elementor-invisible elementor-widget elementor-widget-ceabutton\" data-id=\"7254643e\" data-element_type=\"widget\" data-settings=\"{&quot;_animation&quot;:&quot;fadeInUp&quot;}\" data-widget_type=\"ceabutton.default\">\n\t\t\t\t<div class=\"elementor-widget-container cea-button-wrapper\">\r\n\t\t\t\t\t<div class=\"cea-button-wrapper\">\r\n\t\t\t<a href=\"https:\/\/newsky.app\/airline\/JRL\/statute\" class=\"cea-button-link elementor-button cea-button elementor-size-sm\">\r\n\t\t\t\t\t\t<span class=\"cea-button-content-wrapper\">\r\n\t\t\t\t\t\t<span class=\"cea-button-icon cea-align-icon-\">\r\n\t\t\t\t\t\t\t<\/span>\r\n\t\t\t\t\t\t<span class=\"cea-button-text\">Do\u0142\u0105cz do JerryAir<\/span>\r\n\t\t<\/span>\r\n\t\t\t\t\t<\/a>\r\n\t\t<\/div>\r\n\t\t\t\t<\/div>\r\n\t\t\t\t<\/div>\n\t\t\t\t<div class=\"elementor-element elementor-element-2de9d118 elementor-widget elementor-widget-ceaaccordion\" data-id=\"2de9d118\" data-element_type=\"widget\" data-widget_type=\"ceaaccordion.default\">\n\t\t\t\t\r\n\t\t<div class=\"elementor-widget-container cea-accordion-elementor-widget\" data-toggle=\"\">\r\n\t\t\t<div class=\"cea-accordions\" id=\"cea-accordion-1\"><div class=\"card cea-accordion\"><div class=\"card-header cea-accordion-header\"><a class=\"nav-item nav-link active\" href=\"#cea-accordion-1-1\"><span class=\"elementor-accordion-icon elementor-accordion-icon-right\" aria-hidden=\"true\"><span class=\"cea-accordion-icon-closed\"><i class=\"ti ti-angle-double-down\"><\/i><\/span><span class=\"cea-accordion-icon-opened\"><i class=\"ti ti-angle-double-up\"><\/i><\/span><\/span>Czy ka\u017cdy mo\u017ce do\u0142\u0105czy\u0107 do JerryAir ?<\/a><\/div><!-- .card-header --><div class=\"cea-accordion-content active\" id=\"cea-accordion-1-1\"><div class=\"card-body\"><div class=\"cea-accordion-pane\"><p><em>W naszej spo\u0142eczno\u015bci lotnictwo to nie tylko hobby; to wsp\u00f3lna pasja, kt\u00f3ra nas \u0142\u0105czy. Dlatego minimalny wiek jakiego wymagamy to 16 lat. Je\u015bli jeste\u015b osob\u0105, kt\u00f3ra uwielbia dreszczyk emocji zwi\u0105zany z lotnictwem, ceni precyzj\u0119 i realizm w pilota\u017cu i docenia zawi\u0142o\u015bci lotnictwa, to idealnie pasujesz do JerryAir. Aby lata\u0107 w JerryAir musisz posiada\u0107 konto w systemie NEWSKY !<\/em><\/p><\/div><\/div><!-- .card-body --><\/div><!-- .cea-accordion-content --><\/div><!-- .card --><div class=\"card cea-accordion\"><div class=\"card-header cea-accordion-header\"><a class=\"nav-item nav-link\" href=\"#cea-accordion-1-2\"><span class=\"elementor-accordion-icon elementor-accordion-icon-right\" aria-hidden=\"true\"><span class=\"cea-accordion-icon-closed\"><i class=\"ti ti-angle-double-down\"><\/i><\/span><span class=\"cea-accordion-icon-opened\"><i class=\"ti ti-angle-double-up\"><\/i><\/span><\/span>Jak wygl\u0105da \u015bcie\u017cka kariery w JerryAir ?<\/a><\/div><!-- .card-header --><div class=\"cea-accordion-content\" id=\"cea-accordion-1-2\"><div class=\"card-body\"><div class=\"cea-accordion-pane\"><div>\n  <h4>Promocje w hierarchii kariery w JerryAir<\/h4>\n  <p>\n    Promocje opieraj\u0105 si\u0119 na aktywno\u015bci pilot\u00f3w, ich do\u015bwiadczeniu oraz zaanga\u017cowaniu w \u017cycie wirtualnych linii lotniczych.\n  <\/p>\n  \n  <div><strong>Stopnie kariery:<\/strong><\/div>\n  <ol>\n    <li>\n      <strong>Junior First Officer (JFO)<\/strong> - jeden srebrny pasek na pagonach\n      <ul>\n        <li>Wymagania:<\/li>\n        <li>Rejestracja i zaliczenie lotu kwalifikacyjnego.<\/li>\n        <li>Minimum 10 sektor\u00f3w lub 20 godzin lot\u00f3w.<\/li>\n      <\/ul>\n    <\/li>\n    <li>\n      <strong>First Officer (FO)<\/strong> - dwa srebrne paski na pagonach\n      <ul>\n        <li>Wymagania:<\/li>\n        <li>6 miesi\u0119cy ci\u0105g\u0142ej aktywno\u015bci jako cz\u0142onek.<\/li>\n        <li>Aktywno\u015b\u0107 w ostatnich 3 miesi\u0105cach (minimum 5 lot\u00f3w).<\/li>\n        <li>Minimum 50 sektor\u00f3w lub 100 godzin lot\u00f3w.<\/li>\n        <li>Brak powa\u017cnych incydent\u00f3w (np. niezgodno\u015b\u0107 z procedurami).<\/li>\n        <li>Zaliczenie Line Check.<\/li>\n      <\/ul>\n    <\/li>\n    <li>\n      <strong>Senior First Officer (SFO)<\/strong> - trzy srebrne paski na pagonach\n      <ul>\n        <li>Wymagania:<\/li>\n        <li>6 miesi\u0119cy ci\u0105g\u0142ej aktywno\u015bci jako cz\u0142onek.<\/li>\n        <li>Aktywno\u015b\u0107 w ostatnich 3 miesi\u0105cach (minimum 5 lot\u00f3w).<\/li>\n        <li>Minimum 150 sektor\u00f3w lub 250 godzin lot\u00f3w.<\/li>\n        <li>Udzia\u0142 w co najmniej 2 wydarzeniach organizowanych przez JerryAir.<\/li>\n        <li>Pozytywna opinia od przynajmniej jednego instruktora lub mentora.<\/li>\n        <li>Zaliczenie Line Check.<\/li>\n      <\/ul>\n    <\/li>\n    <li>\n      <strong>Captain (CPT)<\/strong> - cztery srebrne paski na pagonach\n      <ul>\n        <li>Wymagania:<\/li>\n        <li>12 miesi\u0119cy ci\u0105g\u0142ej aktywno\u015bci jako cz\u0142onek.<\/li>\n        <li>Aktywno\u015b\u0107 w ostatnich 3 miesi\u0105cach (minimum 5 lot\u00f3w).<\/li>\n        <li>Minimum 300 sektor\u00f3w lub 500 godzin lot\u00f3w.<\/li>\n        <li>Posiadanie uprawnie\u0144 na minimum 3 lotniska KAT C.<\/li>\n        <li>Zaliczenie testu z wiedzy teoretycznej i praktycznej na symulatorze z zakresu dla Boeinga 737-800.<\/li>\n        <li>Zaliczenie Line Check.<\/li>\n      <\/ul>\n    <\/li>\n    <li>\n      <strong>Senior Captain (SC)<\/strong> - trzy z\u0142ote paski na pagonach\n      <ul>\n        <li>Wymagania:<\/li>\n        <li>12 miesi\u0119cy ci\u0105g\u0142ej aktywno\u015bci jako cz\u0142onek.<\/li>\n        <li>Aktywno\u015b\u0107 w ostatnich 6 miesi\u0105cach (minimum 10 lot\u00f3w).<\/li>\n        <li>Minimum 500 sektor\u00f3w lub 800 godzin lot\u00f3w.<\/li>\n        <li>Prowadzenie szkole\u0144 dla m\u0142odszych pilot\u00f3w lub wsparcie event\u00f3w.<\/li>\n        <li>Posiadanie uprawnie\u0144 na lotniska KAT C.<\/li>\n        <li>Zaanga\u017cowanie w \u017cycie spo\u0142eczno\u015bci: Udzia\u0142 w wydarzeniach specjalnych (np. City Pairs).<\/li>\n      <\/ul>\n    <\/li>\n    <li>\n      <strong>Flight Instructor (FI)<\/strong> (Opcjonalny stopie\u0144) - cztery z\u0142ote paski na pagonach\n      <ul>\n        <li>Wymagania:<\/li>\n        <li>Minimum 700 sektor\u00f3w lub 1200 godzin lot\u00f3w.<\/li>\n        <li>Posiadanie statusu Senior Captain.<\/li>\n        <li>Zaliczenie kursu instruktorskiego.<\/li>\n      <\/ul>\n    <\/li>\n  <\/ol>\n  \n  <div><strong>Punktacja za umiej\u0119tno\u015bci:<\/strong><\/div>\n  <ul>\n    <li>Mo\u017cliwo\u015b\u0107 zdobycia dodatkowych log\u00f3w za udzia\u0142 w organizowanych eventach liniowych.<\/li>\n    <li>Brak narusze\u0144 procedur i aktywno\u015b\u0107 na VATSIM.<\/li>\n  <\/ul>\n<\/div>\n<\/div><\/div><!-- .card-body --><\/div><!-- .cea-accordion-content --><\/div><!-- .card --><div class=\"card cea-accordion\"><div class=\"card-header cea-accordion-header\"><a class=\"nav-item nav-link\" href=\"#cea-accordion-1-3\"><span class=\"elementor-accordion-icon elementor-accordion-icon-right\" aria-hidden=\"true\"><span class=\"cea-accordion-icon-closed\"><i class=\"ti ti-angle-double-down\"><\/i><\/span><span class=\"cea-accordion-icon-opened\"><i class=\"ti ti-angle-double-up\"><\/i><\/span><\/span>Czy mog\u0119 lata\u0107 offline ?<\/a><\/div><!-- .card-header --><div class=\"cea-accordion-content\" id=\"cea-accordion-1-3\"><div class=\"card-body\"><div class=\"cea-accordion-pane\"><p><em>Nale\u017cy pami\u0119ta\u0107, \u017ce aby do\u0142\u0105czy\u0107 do JerryAir jako wirtualny pilot, musisz by\u0107 cz\u0142onkiem co najmniej jednej z\u00a0 sieci: VATSIM lub IVAO. Nie akceptujemy lot\u00f3w offline.\u00a0<\/em><\/p><\/div><\/div><!-- .card-body --><\/div><!-- .cea-accordion-content --><\/div><!-- .card --><div class=\"card cea-accordion\"><div class=\"card-header cea-accordion-header\"><a class=\"nav-item nav-link\" href=\"#cea-accordion-1-4\"><span class=\"elementor-accordion-icon elementor-accordion-icon-right\" aria-hidden=\"true\"><span class=\"cea-accordion-icon-closed\"><i class=\"ti ti-angle-double-down\"><\/i><\/span><span class=\"cea-accordion-icon-opened\"><i class=\"ti ti-angle-double-up\"><\/i><\/span><\/span>Czy mog\u0119 wybiera\u0107, gdzie b\u0119d\u0119 lata\u0107?<\/a><\/div><!-- .card-header --><div class=\"cea-accordion-content\" id=\"cea-accordion-1-4\"><div class=\"card-body\"><div class=\"cea-accordion-pane\"><p><em>Tak. Wyszukujesz i rezerwujesz loty, kt\u00f3rymi chcesz lata\u0107. Loty dost\u0119pne do rezerwacji zale\u017c\u0105 od d<\/em><em>ost\u0119pno\u015bci maszyn jakimi mo\u017cesz lata\u0107. Nale\u017cy pami\u0119ta\u0107, \u017ce czasami b\u0119dziesz musia\u0142 wykona\u0107 loty zarezerwowane w siatce po\u0142\u0105cze\u0144 i wyznaczone przez Szefa Lot\u00f3w - maj\u0105 one wtedy PRIORYTET.<\/em><\/p><\/div><\/div><!-- .card-body --><\/div><!-- .cea-accordion-content --><\/div><!-- .card --><div class=\"card cea-accordion\"><div class=\"card-header cea-accordion-header\"><a class=\"nav-item nav-link\" href=\"#cea-accordion-1-5\"><span class=\"elementor-accordion-icon elementor-accordion-icon-right\" aria-hidden=\"true\"><span class=\"cea-accordion-icon-closed\"><i class=\"ti ti-angle-double-down\"><\/i><\/span><span class=\"cea-accordion-icon-opened\"><i class=\"ti ti-angle-double-up\"><\/i><\/span><\/span>Czy musz\u0119 odbywa\u0107 loty dok\u0142adnie o godzinie podanej w rozk\u0142adzie?<\/a><\/div><!-- .card-header --><div class=\"cea-accordion-content\" id=\"cea-accordion-1-5\"><div class=\"card-body\"><div class=\"cea-accordion-pane\"><p><em>Mo\u017cesz lata\u0107 samolotami o ka\u017cdej porze dnia i nocy. Je\u015bli chcesz by\u0107 bardziej realistyczny, mo\u017cesz lata\u0107 samolotami w godzinach okre\u015blonych w rozk\u0142adzie.<\/em><\/p><\/div><\/div><!-- .card-body --><\/div><!-- .cea-accordion-content --><\/div><!-- .card --><div class=\"card cea-accordion\"><div class=\"card-header cea-accordion-header\"><a class=\"nav-item nav-link\" href=\"#cea-accordion-1-6\"><span class=\"elementor-accordion-icon elementor-accordion-icon-right\" aria-hidden=\"true\"><span class=\"cea-accordion-icon-closed\"><i class=\"ti ti-angle-double-down\"><\/i><\/span><span class=\"cea-accordion-icon-opened\"><i class=\"ti ti-angle-double-up\"><\/i><\/span><\/span>Czy mog\u0119 zosta\u0107 cz\u0142onkiem JerryAir, je\u015bli zapisa\u0142em si\u0119 do innej VA?<\/a><\/div><!-- .card-header --><div class=\"cea-accordion-content\" id=\"cea-accordion-1-6\"><div class=\"card-body\"><div class=\"cea-accordion-pane\"><p><em>Tak, mo\u017cesz by\u0107 cz\u0142onkiem wielu VA, ile chcesz (pod warunkiem, \u017ce mo\u017cesz spe\u0142ni\u0107 wszelkie miesi\u0119czne wymagania dotycz\u0105ce aktywno\u015bci, jakie mo\u017ce mie\u0107 ka\u017cda VA).<\/em><br \/><em>Podczas rejestrowania lotu z JerryAir nie mo\u017cesz jednocze\u015bnie rejestrowa\u0107 tego samego lotu z inn\u0105 VA.<\/em><\/p><\/div><\/div><!-- .card-body --><\/div><!-- .cea-accordion-content --><\/div><!-- .card --><div class=\"card cea-accordion\"><div class=\"card-header cea-accordion-header\"><a class=\"nav-item nav-link\" href=\"#cea-accordion-1-7\"><span class=\"elementor-accordion-icon elementor-accordion-icon-right\" aria-hidden=\"true\"><span class=\"cea-accordion-icon-closed\"><i class=\"ti ti-angle-double-down\"><\/i><\/span><span class=\"cea-accordion-icon-opened\"><i class=\"ti ti-angle-double-up\"><\/i><\/span><\/span>Czy mog\u0119 przenie\u015b\u0107 godziny lub Type Rating z poprzednich VA?<\/a><\/div><!-- .card-header --><div class=\"cea-accordion-content\" id=\"cea-accordion-1-7\"><div class=\"card-body\"><div class=\"cea-accordion-pane\"><p><em>JerryAir nie akceptuje przeniesionych godzin ani TR z innych wirtualnych linii lotniczych. Wszyscy cz\u0142onkowie pod\u0105\u017caj\u0105 t\u0105 sam\u0105 \u015bcie\u017ck\u0105, w tym personel. Zach\u0119camy wszystkich nowych cz\u0142onk\u00f3w do odkrywania i cieszenia si\u0119 wszystkim, co JerryAir ma do zaoferowania w ramach swoich operacji.<\/em><\/p><\/div><\/div><!-- .card-body --><\/div><!-- .cea-accordion-content --><\/div><!-- .card --><div class=\"card cea-accordion\"><div class=\"card-header cea-accordion-header\"><a class=\"nav-item nav-link\" href=\"#cea-accordion-1-8\"><span class=\"elementor-accordion-icon elementor-accordion-icon-right\" aria-hidden=\"true\"><span class=\"cea-accordion-icon-closed\"><i class=\"ti ti-angle-double-down\"><\/i><\/span><span class=\"cea-accordion-icon-opened\"><i class=\"ti ti-angle-double-up\"><\/i><\/span><\/span>Czy powracaj\u0105cy cz\u0142onek mo\u017ce odzyska\u0107 swoj\u0105 rang\u0119 i godziny?<\/a><\/div><!-- .card-header --><div class=\"cea-accordion-content\" id=\"cea-accordion-1-8\"><div class=\"card-body\"><div class=\"cea-accordion-pane\"><p><em>Zgodnie z wymogami RODO; w przypadku, gdy cz\u0142onek zdecyduje si\u0119 zrezygnowa\u0107 lub konto zostanie usuni\u0119te z powodu braku aktywno\u015bci, wszystkie informacje, kt\u00f3re przes\u0142a\u0142e\u015b w ramach rejestracji do JerryAir, a tak\u017ce wszystkie zapisy dotycz\u0105ce Twojej aktywno\u015bci u nas, zostan\u0105 usuni\u0119te.<\/em><\/p><\/div><\/div><!-- .card-body --><\/div><!-- .cea-accordion-content --><\/div><!-- .card --><div class=\"card cea-accordion\"><div class=\"card-header cea-accordion-header\"><a class=\"nav-item nav-link\" href=\"#cea-accordion-1-9\"><span class=\"elementor-accordion-icon elementor-accordion-icon-right\" aria-hidden=\"true\"><span class=\"cea-accordion-icon-closed\"><i class=\"ti ti-angle-double-down\"><\/i><\/span><span class=\"cea-accordion-icon-opened\"><i class=\"ti ti-angle-double-up\"><\/i><\/span><\/span>Jak cz\u0119sto musz\u0119 lata\u0107, \u017ceby pozosta\u0107 aktywnym?<\/a><\/div><!-- .card-header --><div class=\"cea-accordion-content\" id=\"cea-accordion-1-9\"><div class=\"card-body\"><div class=\"cea-accordion-pane\"><p><em>Musisz z\u0142o\u017cy\u0107 jeden PIREP miesi\u0119cznie, aby pozosta\u0107 aktywnym. Nasz system automatycznie usuwa konta, kt\u00f3re by\u0142y nieaktywne przez jeden miesi\u0105c.<\/em><\/p><\/div><\/div><!-- .card-body --><\/div><!-- .cea-accordion-content --><\/div><!-- .card --><\/div>\t\t\t\r\n\t\t<\/div>\r\n\t\t\t\t<\/div>\n\t\t\t\t\t<\/div>\n\t\t<\/div>\n\t\t\t\t<div class=\"elementor-column elementor-col-33 elementor-inner-column elementor-element elementor-element-2584a9d5\" data-id=\"2584a9d5\" data-element_type=\"column\">\n\t\t\t<div class=\"elementor-widget-wrap\">\n\t\t\t\t\t\t\t<\/div>\n\t\t<\/div>\n\t\t\t\t\t<\/div>\n\t\t<\/section>\n\t\t\t\t\t<\/div>\n\t\t<\/div>\n\t\t\t\t\t<\/div>\n\t\t<\/section>\n\t\t\t\t<section class=\"elementor-section elementor-top-section elementor-element elementor-element-2f4790bd elementor-section-stretched elementor-section-content-middle elementor-section-boxed elementor-section-height-default elementor-section-height-default\" data-id=\"2f4790bd\" data-element_type=\"section\" data-settings=\"{&quot;stretch_section&quot;:&quot;section-stretched&quot;,&quot;background_background&quot;:&quot;classic&quot;}\">\n\t\t\t\t\t\t\t<div class=\"elementor-background-overlay\"><\/div>\n\t\t\t\t\t\t\t<div class=\"elementor-container elementor-column-gap-wide\">\n\t\t\t\t\t<div class=\"elementor-column elementor-col-100 elementor-top-column elementor-element elementor-element-6052e00f\" data-id=\"6052e00f\" data-element_type=\"column\">\n\t\t\t<div class=\"elementor-widget-wrap elementor-element-populated\">\n\t\t\t\t\t\t<section class=\"elementor-section elementor-inner-section elementor-element elementor-element-647ab408 elementor-section-boxed elementor-section-height-default elementor-section-height-default\" data-id=\"647ab408\" data-element_type=\"section\">\n\t\t\t\t\t\t<div class=\"elementor-container elementor-column-gap-default\">\n\t\t\t\t\t<div class=\"elementor-column elementor-col-33 elementor-inner-column elementor-element elementor-element-3afb4c60\" data-id=\"3afb4c60\" data-element_type=\"column\">\n\t\t\t<div class=\"elementor-widget-wrap\">\n\t\t\t\t\t\t\t<\/div>\n\t\t<\/div>\n\t\t\t\t<div class=\"elementor-column elementor-col-33 elementor-inner-column elementor-element elementor-element-1da5f0c2\" data-id=\"1da5f0c2\" data-element_type=\"column\">\n\t\t\t<div class=\"elementor-widget-wrap elementor-element-populated\">\n\t\t\t\t\t\t<div class=\"elementor-element elementor-element-69807186 cea-align-center cea-separator-type-normal elementor-invisible elementor-widget elementor-widget-ceasectiontitle\" data-id=\"69807186\" data-element_type=\"widget\" data-settings=\"{&quot;_animation&quot;:&quot;fadeInUp&quot;}\" data-widget_type=\"ceasectiontitle.default\">\n\t\t\t\t<div class=\"elementor-widget-container\">\n\t\t\t\t\t<div class=\"section-title-wrapper\"><div class=\"title-wrap\"><div class=\"sub-title\"><span class=\"subtitle-dots\">- kontakt -<\/span><\/div><h2 class=\"section-title\">Po wi\u0119cej informacji uzyj formularza<\/h2><div class=\"elementor-divider\"><span class=\"elementor-divider-separator\"><\/span><\/div><\/div><!-- .title-wrap --><div class=\"section-description\"><\/div><!-- .section-description --><\/div><!-- .section-title-wrapper -->\t\t\t\t<\/div>\n\t\t\t\t<\/div>\n\t\t\t\t\t<\/div>\n\t\t<\/div>\n\t\t\t\t<div class=\"elementor-column elementor-col-33 elementor-inner-column elementor-element elementor-element-fa879cd\" data-id=\"fa879cd\" data-element_type=\"column\">\n\t\t\t<div class=\"elementor-widget-wrap\">\n\t\t\t\t\t\t\t<\/div>\n\t\t<\/div>\n\t\t\t\t\t<\/div>\n\t\t<\/section>\n\t\t\t\t<section class=\"elementor-section elementor-inner-section elementor-element elementor-element-50b7bfa elementor-section-boxed elementor-section-height-default elementor-section-height-default\" data-id=\"50b7bfa\" data-element_type=\"section\">\n\t\t\t\t\t\t<div class=\"elementor-container elementor-column-gap-default\">\n\t\t\t\t\t<div class=\"elementor-column elementor-col-33 elementor-inner-column elementor-element elementor-element-19750fd9\" data-id=\"19750fd9\" data-element_type=\"column\">\n\t\t\t<div class=\"elementor-widget-wrap\">\n\t\t\t\t\t\t\t<\/div>\n\t\t<\/div>\n\t\t\t\t<div class=\"elementor-column elementor-col-33 elementor-inner-column elementor-element elementor-element-ab09764\" data-id=\"ab09764\" data-element_type=\"column\">\n\t\t\t<div class=\"elementor-widget-wrap elementor-element-populated\">\n\t\t\t\t\t\t<div class=\"elementor-element elementor-element-11015a58 elementor-widget elementor-widget-contactform\" data-id=\"11015a58\" data-element_type=\"widget\" data-widget_type=\"contactform.default\">\n\t\t\t\t<div class=\"elementor-widget-container\">\n\t\t\t\t\t<div class=\"contact-form-wrapper cf-style-default\"><div class=\"contact-form\">\n<div class=\"wpcf7 no-js\" id=\"wpcf7-f44497-o1\" lang=\"en-GB\" dir=\"ltr\" data-wpcf7-id=\"44497\">\n<div class=\"screen-reader-response\"><p role=\"status\" aria-live=\"polite\" aria-atomic=\"true\"><\/p> <ul><\/ul><\/div>\n<form action=\"\/index.php?rest_route=%2Fwp%2Fv2%2Fpages%2F44047#wpcf7-f44497-o1\" method=\"post\" class=\"wpcf7-form init\" aria-label=\"Contact form\" novalidate=\"novalidate\" data-status=\"init\">\n<div style=\"display: none;\">\n<input type=\"hidden\" name=\"_wpcf7\" value=\"44497\" \/>\n<input type=\"hidden\" name=\"_wpcf7_version\" value=\"6.0.6\" \/>\n<input type=\"hidden\" name=\"_wpcf7_locale\" value=\"en_GB\" \/>\n<input type=\"hidden\" name=\"_wpcf7_unit_tag\" value=\"wpcf7-f44497-o1\" \/>\n<input type=\"hidden\" name=\"_wpcf7_container_post\" value=\"0\" \/>\n<input type=\"hidden\" name=\"_wpcf7_posted_data_hash\" value=\"\" \/>\n<\/div>\n<p><label> Imi\u0119 i Nazwisko (Wymagane)<br \/>\n<span class=\"wpcf7-form-control-wrap\" data-name=\"your-name\"><input size=\"40\" maxlength=\"400\" class=\"wpcf7-form-control wpcf7-text wpcf7-validates-as-required\" autocomplete=\"name\" aria-required=\"true\" aria-invalid=\"false\" value=\"\" type=\"text\" name=\"your-name\" \/><\/span> <\/label>\n<\/p>\n<p><label> Tw\u00f3j Email Adres (Wymagane)<br \/>\n<span class=\"wpcf7-form-control-wrap\" data-name=\"your-email\"><input size=\"40\" maxlength=\"400\" class=\"wpcf7-form-control wpcf7-email wpcf7-validates-as-required wpcf7-text wpcf7-validates-as-email\" autocomplete=\"email\" aria-required=\"true\" aria-invalid=\"false\" value=\"\" type=\"email\" name=\"your-email\" \/><\/span> <\/label>\n<\/p>\n<p><label> Temat<br \/>\n<span class=\"wpcf7-form-control-wrap\" data-name=\"your-subject\"><input size=\"40\" maxlength=\"400\" class=\"wpcf7-form-control wpcf7-text wpcf7-validates-as-required\" aria-required=\"true\" aria-invalid=\"false\" value=\"\" type=\"text\" name=\"your-subject\" \/><\/span> <\/label>\n<\/p>\n<p><label> Twoja wiadomo\u015b\u0107<br \/>\n<span class=\"wpcf7-form-control-wrap\" data-name=\"your-message\"><textarea cols=\"40\" rows=\"10\" maxlength=\"2000\" class=\"wpcf7-form-control wpcf7-textarea\" aria-invalid=\"false\" name=\"your-message\"><\/textarea><\/span> <\/label>\n<\/p>\n<p><input class=\"wpcf7-form-control wpcf7-submit has-spinner\" type=\"submit\" value=\"Wy\u015blij\" \/>\n<\/p><div class=\"wpcf7-response-output\" aria-hidden=\"true\"><\/div>\n<\/form>\n<\/div>\n<\/div><!-- .contact-form --><\/div><!-- .contact-form-wrapper -->\t\t\t\t<\/div>\n\t\t\t\t<\/div>\n\t\t\t\t\t<\/div>\n\t\t<\/div>\n\t\t\t\t<div class=\"elementor-column elementor-col-33 elementor-inner-column elementor-element elementor-element-17883917\" data-id=\"17883917\" data-element_type=\"column\">\n\t\t\t<div class=\"elementor-widget-wrap\">\n\t\t\t\t\t\t\t<\/div>\n\t\t<\/div>\n\t\t\t\t\t<\/div>\n\t\t<\/section>\n\t\t\t\t\t<\/div>\n\t\t<\/div>\n\t\t\t\t\t<\/div>\n\t\t<\/section>\n\t\t\t\t<\/div>\n\t\t","protected":false},"excerpt":{"rendered":"<p>&#8211; jak do nas do\u0142\u0105czy\u0107 Odpowiedzi na cz\u0119sto zadawane pytania. Do\u0142\u0105cz do JerryAir Czy ka\u017cdy mo\u017ce do\u0142\u0105czy\u0107 do JerryAir ? W naszej spo\u0142eczno\u015bci lotnictwo to nie tylko..<\/p>\n","protected":false},"author":1,"featured_media":0,"parent":0,"menu_order":0,"comment_status":"closed","ping_status":"closed","template":"","meta":{"footnotes":""},"class_list":["post-44047","page","type-page","status-publish","hentry"],"_links":{"self":[{"href":"https:\/\/jerryair.net\/index.php?rest_route=\/wp\/v2\/pages\/44047","targetHints":{"allow":["GET"]}}],"collection":[{"href":"https:\/\/jerryair.net\/index.php?rest_route=\/wp\/v2\/pages"}],"about":[{"href":"https:\/\/jerryair.net\/index.php?rest_route=\/wp\/v2\/types\/page"}],"author":[{"embeddable":true,"href":"https:\/\/jerryair.net\/index.php?rest_route=\/wp\/v2\/users\/1"}],"replies":[{"embeddable":true,"href":"https:\/\/jerryair.net\/index.php?rest_route=%2Fwp%2Fv2%2Fcomments&post=44047"}],"version-history":[{"count":51,"href":"https:\/\/jerryair.net\/index.php?rest_route=\/wp\/v2\/pages\/44047\/revisions"}],"predecessor-version":[{"id":47236,"href":"https:\/\/jerryair.net\/index.php?rest_route=\/wp\/v2\/pages\/44047\/revisions\/47236"}],"wp:attachment":[{"href":"https:\/\/jerryair.net\/index.php?rest_route=%2Fwp%2Fv2%2Fmedia&parent=44047"}],"curies":[{"name":"wp","href":"https:\/\/api.w.org\/{rel}","templated":true}]}}