{"id":44019,"date":"2024-07-22T06:41:00","date_gmt":"2024-07-22T06:41:00","guid":{"rendered":"https:\/\/wordpress.zozothemes.com\/tranzkart\/?page_id=44019"},"modified":"2025-10-24T09:41:38","modified_gmt":"2025-10-24T09:41:38","slug":"careers","status":"publish","type":"page","link":"https:\/\/jerryair.net\/?page_id=44019","title":{"rendered":"Careers"},"content":{"rendered":"\t\t<div data-elementor-type=\"wp-page\" data-elementor-id=\"44019\" class=\"elementor elementor-44019\">\n\t\t\t\t\t\t<section class=\"elementor-section elementor-top-section elementor-element elementor-element-bf1d10b elementor-section-stretched elementor-section-boxed elementor-section-height-default elementor-section-height-default\" data-id=\"bf1d10b\" data-element_type=\"section\" data-settings=\"{&quot;stretch_section&quot;:&quot;section-stretched&quot;,&quot;background_background&quot;:&quot;classic&quot;}\">\n\t\t\t\t\t\t\t<div class=\"elementor-background-overlay\"><\/div>\n\t\t\t\t\t\t\t<div class=\"elementor-container elementor-column-gap-default\">\n\t\t\t\t\t<div class=\"elementor-column elementor-col-100 elementor-top-column elementor-element elementor-element-467f9457\" data-id=\"467f9457\" data-element_type=\"column\" data-settings=\"{&quot;background_background&quot;:&quot;classic&quot;}\">\n\t\t\t<div class=\"elementor-widget-wrap elementor-element-populated\">\n\t\t\t\t\t<div class=\"elementor-background-overlay\"><\/div>\n\t\t\t\t\t\t<section class=\"elementor-section elementor-inner-section elementor-element elementor-element-15df0e81 elementor-section-content-bottom elementor-section-boxed elementor-section-height-default elementor-section-height-default\" data-id=\"15df0e81\" data-element_type=\"section\">\n\t\t\t\t\t\t<div class=\"elementor-container elementor-column-gap-wide\">\n\t\t\t\t\t<div class=\"elementor-column elementor-col-50 elementor-inner-column elementor-element elementor-element-1832d355 blur-shaded\" data-id=\"1832d355\" data-element_type=\"column\">\n\t\t\t<div class=\"elementor-widget-wrap elementor-element-populated\">\n\t\t\t\t\t\t<div class=\"elementor-element elementor-element-1e710b9a cea-view-framed cea-shape-circle elementor-widget elementor-widget-ceafeaturebox\" data-id=\"1e710b9a\" data-element_type=\"widget\" data-widget_type=\"ceafeaturebox.default\">\n\t\t\t\t<div class=\"elementor-widget-container feature-box-wrapper feature-box-default\">\n\t\t\t<div class=\"feature-box-inner\"><h4 class=\"feature-box-title\">Public Relation<\/h4><div class=\"fbox-content\">Szef Medi\u00f3w i Wydarze\u0144<\/br><\/br>\n\nZakres obowi\u0105zk\u00f3w<\/br>\n\n<li> Kieruje komunikacj\u0105 zewn\u0119trzn\u0105 i wewn\u0119trzn\u0105 linii.\n<li> Zarz\u0105dza kana\u0142ami social media: YouTube, Facebook, Instagram.\n<li> Przygotowuje materia\u0142y promocyjne oraz eventy (np. loty charytatywne).\n<li>Odpowiada za organizacj\u0119 i promocj\u0119 wydarze\u0144 specjalnych (np. livestreamy, eventy sieciowe) oraz wsp\u00f3\u0142prac\u0119 z partnerami.\n<li>Monitoruje i analizuje dotarcie i zaanga\u017cowanie spo\u0142eczno\u015bci pilot\u00f3w i widz\u00f3w, proponuj\u0105c dzia\u0142ania usprawniaj\u0105ce.<\/div>\t\t\t\t<div class=\"cea-button-wrapper\">\n\t\t\t\t\t<a href=\"https:\/\/jerryair.net\/?page_id=44020\" class=\"cea-button-link elementor-button cea-button elementor-size-xs\">\n\t\t\t\t\t\t\t\t<span class=\"cea-button-content-wrapper\">\n\t\t\t\t\t\t<span class=\"cea-button-icon cea-align-icon-\">\n\t\t\t\t\t\t\t<\/span>\n\t\t\t\t\t\t<span class=\"cea-button-text\">Apply Now<\/span>\n\t\t<\/span>\n\t\t\t\t\t\t\t<\/a>\n\t\t\t\t<\/div>\n\t\t\t\t<\/div>\t\t<\/div>\n\t\t\t\t<\/div>\n\t\t\t\t<div class=\"elementor-element elementor-element-11696f1 cea-view-framed cea-shape-circle elementor-widget elementor-widget-ceafeaturebox\" data-id=\"11696f1\" data-element_type=\"widget\" data-widget_type=\"ceafeaturebox.default\">\n\t\t\t\t<div class=\"elementor-widget-container feature-box-wrapper feature-box-default\">\n\t\t\t<div class=\"feature-box-inner\"><h4 class=\"feature-box-title\">JerryAir - VATSIM Virtual Airlines <\/h4><div class=\"fbox-content\">SPECJALISTA DS. AUDYTU I ZGODNO\u015aCI (JerryAir)<\/br><\/br>\n\nHej za\u0142ogo JerryAir! \u2708\ufe0f<\/br><\/br>\nZbli\u017ca si\u0119 audyt VATSIM, a my chcemy przygotowa\u0107 si\u0119 do niego na najwy\u017cszym poziomie.\nDlatego szukamy osoby, kt\u00f3ra do\u0142\u0105czy do naszego zespo\u0142u w roli Specjalisty ds. Audytu i Zgodno\u015bci.<\/br><\/br>\n\n\n\n\n\ud83e\udded Na czym to polega?\nTwoim zadaniem b\u0119dzie pom\u00f3c nam dopilnowa\u0107, \u017ceby wszystko w JerryAir dzia\u0142a\u0142o zgodnie z wymaganiami VATSIM:<\/br><\/br>\n\n<li>sprawdzenie poprawno\u015bci danych kontaktowych i adres\u00f3w e-mail,\npotwierdzenie, \u017ce nasza strona jest bezpieczna (SSL\/HTTPS) i zgodna z RODO\/GDPR,\nupewnienie si\u0119, \u017ce widnieje tam logo VATSIM i poprawny link do https:\/\/vatsim.net,\nmonitorowanie aktywno\u015bci naszych pilot\u00f3w (liczba lot\u00f3w, aktywni cz\u0142onkowie),\nutrzymywanie kontaktu z audytorem VATSIM i przygotowywanie odpowiedzi w terminie,\nraportowanie wynik\u00f3w audytu i zg\u0142aszanie ewentualnych poprawek.\n<\/br><\/br>\n\n\n\ud83d\udca1 Kogo szukamy?<\/br><\/br>\n\n<li>Je\u015bli: czujesz, \u017ce masz si\u0142\u0119 i ch\u0119ci, by podj\u0105\u0107 si\u0119 wyzwania,\njeste\u015b pracowity, dok\u0142adny i lubisz, kiedy wszystko dzia\u0142a jak w zegarku,\nnie boisz si\u0119 formalnej komunikacji po angielsku,\nmasz podstawow\u0105 wiedz\u0119 o RODO lub interesujesz si\u0119 bezpiecze\u0144stwem stron WWW,\nto w\u0142a\u015bnie Ciebie szukamy! \ud83d\ude4c<\/br><\/br>\n\n\n\n\ud83d\ude80 Co zyskujesz?<\/br><\/br>\n\nRealny wp\u0142yw na rozw\u00f3j i wizerunek JerryAir w \u015bwiecie VATSIM,\nwsp\u00f3\u0142prac\u0119 z zaanga\u017cowanym i przyjaznym zespo\u0142em,\nnowe do\u015bwiadczenie i uznanie w strukturze naszej linii,\nsatysfakcj\u0119 z tego, \u017ce to dzi\u0119ki Tobie przejdziemy audyt bez turbulencji! \ud83d\ude0e<\/br><\/br>\n\n\n\n\ud83d\udce8 Jak si\u0119 zg\u0142osi\u0107?<\/br><\/br>\nJe\u017celi czujesz, \u017ce to co\u015b dla Ciebie \u2013 zg\u0142o\u015b si\u0119 do Zarz\u0105du JerryAir przez wiadomo\u015b\u0107 prywatn\u0105 na Discord lub wy\u015blij do nas email.<\/div>\t\t\t\t<div class=\"cea-button-wrapper\">\n\t\t\t\t\t<a href=\"https:\/\/jerryair.net\/?page_id=44020\" class=\"cea-button-link elementor-button cea-button elementor-size-xs\">\n\t\t\t\t\t\t\t\t<span class=\"cea-button-content-wrapper\">\n\t\t\t\t\t\t<span class=\"cea-button-icon cea-align-icon-\">\n\t\t\t\t\t\t\t<\/span>\n\t\t\t\t\t\t<span class=\"cea-button-text\">Apply Now<\/span>\n\t\t<\/span>\n\t\t\t\t\t\t\t<\/a>\n\t\t\t\t<\/div>\n\t\t\t\t<\/div>\t\t<\/div>\n\t\t\t\t<\/div>\n\t\t\t\t<div class=\"elementor-element elementor-element-453da7 cea-align-left elementor-widget elementor-widget-ceasectiontitle\" data-id=\"453da7\" data-element_type=\"widget\" data-widget_type=\"ceasectiontitle.default\">\n\t\t\t\t<div class=\"elementor-widget-container\">\n\t\t\t\t\t<div class=\"section-title-wrapper\"><div class=\"title-wrap\"><span class=\"sub-title\"><span class=\"subtitle-dots\">Join with Us<\/span><\/span><h2 class=\"section-title\">JerryAir is waiting for you<\/h2><\/div><!-- .title-wrap --><div class=\"section-description\">\t\t\t\t\t<div class=\"cea-button-wrapper\">\r\n\t\t\t\t\t\t<a href=\"https:\/\/jerryair.net\/?page_id=44020\" class=\"cea-button-link elementor-button cea-button elementor-size-sm\">\r\n\t\t\t\t\t\t\t\t\t<span class=\"cea-button-content-wrapper\">\r\n\t\t\t\t\t\t<span class=\"cea-button-icon cea-align-icon-left\">\r\n\t\t\t\t<i aria-hidden=\"true\" class=\" bi-envelope-open-fill\"><\/i>\t\t\t<\/span>\r\n\t\t\t\t\t\t<span class=\"cea-button-text\">Upload Resume<\/span>\r\n\t\t<\/span>\r\n\t\t\t\t\t\t\t\t<\/a>\r\n\t\t\t\t\t<\/div>\r\n\t\t\t\t\t<\/div><!-- .section-description --><\/div><!-- .section-title-wrapper -->\t\t\t\t<\/div>\n\t\t\t\t<\/div>\n\t\t\t\t\t<\/div>\n\t\t<\/div>\n\t\t\t\t<div class=\"elementor-column elementor-col-50 elementor-inner-column elementor-element elementor-element-2b24bd36\" data-id=\"2b24bd36\" data-element_type=\"column\">\n\t\t\t<div class=\"elementor-widget-wrap elementor-element-populated\">\n\t\t\t\t\t\t<div class=\"elementor-element elementor-element-73390f8b elementor-widget elementor-widget-image\" data-id=\"73390f8b\" data-element_type=\"widget\" data-widget_type=\"image.default\">\n\t\t\t\t<div class=\"elementor-widget-container\">\n\t\t\t\t\t\t\t\t\t\t\t\t\t\t\t<img fetchpriority=\"high\" decoding=\"async\" width=\"463\" height=\"640\" src=\"https:\/\/jerryair.net\/wp-content\/uploads\/2025\/10\/Untitled-design-6.png\" class=\"attachment-full size-full wp-image-48160\" alt=\"\" \/>\t\t\t\t\t\t\t\t\t\t\t\t\t\t\t<\/div>\n\t\t\t\t<\/div>\n\t\t\t\t\t<\/div>\n\t\t<\/div>\n\t\t\t\t\t<\/div>\n\t\t<\/section>\n\t\t\t\t\t<\/div>\n\t\t<\/div>\n\t\t\t\t\t<\/div>\n\t\t<\/section>\n\t\t\t\t<\/div>\n\t\t","protected":false},"excerpt":{"rendered":"<p>Public Relation Szef Medi\u00f3w i Wydarze\u0144 Zakres obowi\u0105zk\u00f3w Kieruje komunikacj\u0105 zewn\u0119trzn\u0105 i wewn\u0119trzn\u0105 linii. Zarz\u0105dza kana\u0142ami social media: YouTube, Facebook, Instagram. Przygotowuje materia\u0142y promocyjne oraz eventy (np&#8230;<\/p>\n","protected":false},"author":1,"featured_media":0,"parent":0,"menu_order":0,"comment_status":"closed","ping_status":"closed","template":"","meta":{"footnotes":""},"class_list":["post-44019","page","type-page","status-publish","hentry"],"_links":{"self":[{"href":"https:\/\/jerryair.net\/index.php?rest_route=\/wp\/v2\/pages\/44019","targetHints":{"allow":["GET"]}}],"collection":[{"href":"https:\/\/jerryair.net\/index.php?rest_route=\/wp\/v2\/pages"}],"about":[{"href":"https:\/\/jerryair.net\/index.php?rest_route=\/wp\/v2\/types\/page"}],"author":[{"embeddable":true,"href":"https:\/\/jerryair.net\/index.php?rest_route=\/wp\/v2\/users\/1"}],"replies":[{"embeddable":true,"href":"https:\/\/jerryair.net\/index.php?rest_route=%2Fwp%2Fv2%2Fcomments&post=44019"}],"version-history":[{"count":35,"href":"https:\/\/jerryair.net\/index.php?rest_route=\/wp\/v2\/pages\/44019\/revisions"}],"predecessor-version":[{"id":48178,"href":"https:\/\/jerryair.net\/index.php?rest_route=\/wp\/v2\/pages\/44019\/revisions\/48178"}],"wp:attachment":[{"href":"https:\/\/jerryair.net\/index.php?rest_route=%2Fwp%2Fv2%2Fmedia&parent=44019"}],"curies":[{"name":"wp","href":"https:\/\/api.w.org\/{rel}","templated":true}]}}